{"id":8637,"date":"2026-01-04T12:34:48","date_gmt":"2026-01-04T11:34:48","guid":{"rendered":"https:\/\/toulonprovenceregatta.fr\/?page_id=8637"},"modified":"2026-01-04T12:39:24","modified_gmt":"2026-01-04T11:39:24","slug":"tpr2026-nvi-maintenance","status":"publish","type":"page","link":"https:\/\/toulonprovenceregatta.fr\/en\/tpr2026-nvi-maintenance\/","title":{"rendered":"NVI undergoing maintenance"},"content":{"rendered":"<div data-elementor-type=\"wp-page\" data-elementor-id=\"8637\" class=\"elementor elementor-8637\" data-elementor-post-type=\"page\">\n\t\t\t\t<div class=\"elementor-element elementor-element-67ea5e6 e-flex e-con-boxed wpr-particle-no wpr-jarallax-no wpr-parallax-no wpr-sticky-section-no wpr-equal-height-no e-con e-parent\" data-id=\"67ea5e6\" data-element_type=\"container\" data-e-type=\"container\" data-settings=\"{&quot;background_background&quot;:&quot;classic&quot;}\">\n\t\t\t\t\t<div class=\"e-con-inner\">\n\t\t\t\t\t<\/div>\n\t\t\t\t<\/div>\n\t\t<div class=\"elementor-element elementor-element-221a73c1 e-flex e-con-boxed wpr-particle-no wpr-jarallax-no wpr-parallax-no wpr-sticky-section-no wpr-equal-height-no e-con e-parent\" data-id=\"221a73c1\" data-element_type=\"container\" data-e-type=\"container\" data-settings=\"{&quot;background_background&quot;:&quot;gradient&quot;}\">\n\t\t\t\t\t<div class=\"e-con-inner\">\n\t\t<div class=\"elementor-element elementor-element-59792d9d e-con-full e-flex wpr-particle-no wpr-jarallax-no wpr-parallax-no wpr-sticky-section-no wpr-equal-height-no e-con e-child\" data-id=\"59792d9d\" data-element_type=\"container\" data-e-type=\"container\">\n\t\t\t\t<div class=\"elementor-element elementor-element-46a10f2b elementor-widget elementor-widget-heading\" data-id=\"46a10f2b\" data-element_type=\"widget\" data-e-type=\"widget\" data-widget_type=\"heading.default\">\n\t\t\t\t<div class=\"elementor-widget-container\">\n\t\t\t\t\t<h2 class=\"elementor-heading-title elementor-size-default\">PARTICIPANTS AREA<\/h2>\t\t\t\t<\/div>\n\t\t\t\t<\/div>\n\t\t\t\t<\/div>\n\t\t<div class=\"elementor-element elementor-element-167257dd e-con-full e-flex wpr-particle-no wpr-jarallax-no wpr-parallax-no wpr-sticky-section-no wpr-equal-height-no e-con e-child\" data-id=\"167257dd\" data-element_type=\"container\" data-e-type=\"container\">\n\t\t\t\t<div class=\"elementor-element elementor-element-2d7461e8 elementor-widget elementor-widget-heading\" data-id=\"2d7461e8\" data-element_type=\"widget\" data-e-type=\"widget\" data-widget_type=\"heading.default\">\n\t\t\t\t<div class=\"elementor-widget-container\">\n\t\t\t\t\t<h2 class=\"elementor-heading-title elementor-size-default\">EDITION 2026<\/h2>\t\t\t\t<\/div>\n\t\t\t\t<\/div>\n\t\t\t\t<div class=\"elementor-element elementor-element-22782e6b elementor-countdown--label-block elementor-widget elementor-widget-countdown\" data-id=\"22782e6b\" data-element_type=\"widget\" data-e-type=\"widget\" data-widget_type=\"countdown.default\">\n\t\t\t\t<div class=\"elementor-widget-container\">\n\t\t\t\t\t\t\t<div class=\"elementor-countdown-wrapper\" data-date=\"1778133600\">\n\t\t\t<div class=\"elementor-countdown-item\"><span class=\"elementor-countdown-digits elementor-countdown-days\"><\/span> <span class=\"elementor-countdown-label\">Days<\/span><\/div><div class=\"elementor-countdown-item\"><span class=\"elementor-countdown-digits elementor-countdown-hours\"><\/span> <span class=\"elementor-countdown-label\">Hours<\/span><\/div><div class=\"elementor-countdown-item\"><span class=\"elementor-countdown-digits elementor-countdown-minutes\"><\/span> <span class=\"elementor-countdown-label\">Minutes<\/span><\/div><div class=\"elementor-countdown-item\"><span class=\"elementor-countdown-digits elementor-countdown-seconds\"><\/span> <span class=\"elementor-countdown-label\">Seconds<\/span><\/div>\t\t<\/div>\n\t\t\t\t\t\t<\/div>\n\t\t\t\t<\/div>\n\t\t\t\t<\/div>\n\t\t\t\t\t<\/div>\n\t\t\t\t<\/div>\n\t\t<div class=\"elementor-element elementor-element-98d1fe8 e-flex e-con-boxed wpr-particle-no wpr-jarallax-no wpr-parallax-no wpr-sticky-section-no wpr-equal-height-no e-con e-parent\" data-id=\"98d1fe8\" data-element_type=\"container\" data-e-type=\"container\">\n\t\t\t\t\t<div class=\"e-con-inner\">\n\t\t\t\t<div class=\"elementor-element elementor-element-0ffc32a elementor-widget elementor-widget-spacer\" data-id=\"0ffc32a\" data-element_type=\"widget\" data-e-type=\"widget\" data-widget_type=\"spacer.default\">\n\t\t\t\t<div class=\"elementor-widget-container\">\n\t\t\t\t\t\t\t<div class=\"elementor-spacer\">\n\t\t\t<div class=\"elementor-spacer-inner\"><\/div>\n\t\t<\/div>\n\t\t\t\t\t\t<\/div>\n\t\t\t\t<\/div>\n\t\t\t\t\t<\/div>\n\t\t\t\t<\/div>\n\t\t<div class=\"elementor-element elementor-element-278a4a4 e-flex e-con-boxed wpr-particle-no wpr-jarallax-no wpr-parallax-no wpr-sticky-section-no wpr-equal-height-no e-con e-parent\" data-id=\"278a4a4\" data-element_type=\"container\" data-e-type=\"container\">\n\t\t\t\t\t<div class=\"e-con-inner\">\n\t\t\t\t<div class=\"elementor-element elementor-element-0935813 elementor-widget elementor-widget-text-editor\" data-id=\"0935813\" data-element_type=\"widget\" data-e-type=\"widget\" data-widget_type=\"text-editor.default\">\n\t\t\t\t<div class=\"elementor-widget-container\">\n\t\t\t\t\t\t\t\t\t<h5 style=\"text-align: center;\"><span style=\"color: #000000;\">The registration platform <b data-path-to-node=\"2,0\" data-index-in-node=\"29\">NVI<\/b> is currently being finalised. <\/span><\/h5><h5 style=\"text-align: center;\"><span style=\"color: #000000;\">To guarantee your place now, you can already pay via the payment link below.<\/span><\/h5>\t\t\t\t\t\t\t\t<\/div>\n\t\t\t\t<\/div>\n\t\t\t\t\t<\/div>\n\t\t\t\t<\/div>\n\t\t<div class=\"elementor-element elementor-element-c39c6ff e-flex e-con-boxed wpr-particle-no wpr-jarallax-no wpr-parallax-no wpr-sticky-section-no wpr-equal-height-no e-con e-parent\" data-id=\"c39c6ff\" data-element_type=\"container\" data-e-type=\"container\">\n\t\t\t\t\t<div class=\"e-con-inner\">\n\t\t\t\t<div class=\"elementor-element elementor-element-4a188d5 elementor-widget elementor-widget-spacer\" data-id=\"4a188d5\" data-element_type=\"widget\" data-e-type=\"widget\" data-widget_type=\"spacer.default\">\n\t\t\t\t<div class=\"elementor-widget-container\">\n\t\t\t\t\t\t\t<div class=\"elementor-spacer\">\n\t\t\t<div class=\"elementor-spacer-inner\"><\/div>\n\t\t<\/div>\n\t\t\t\t\t\t<\/div>\n\t\t\t\t<\/div>\n\t\t\t\t\t<\/div>\n\t\t\t\t<\/div>\n\t\t<div class=\"elementor-element elementor-element-6d5b77f e-flex e-con-boxed wpr-particle-no wpr-jarallax-no wpr-parallax-no wpr-sticky-section-no wpr-equal-height-no e-con e-parent\" data-id=\"6d5b77f\" data-element_type=\"container\" data-e-type=\"container\">\n\t\t\t\t\t<div class=\"e-con-inner\">\n\t\t\t\t<div class=\"elementor-element elementor-element-c681e57 elementor-align-center elementor-widget__width-auto elementor-widget elementor-widget-button\" data-id=\"c681e57\" data-element_type=\"widget\" data-e-type=\"widget\" data-widget_type=\"button.default\">\n\t\t\t\t<div class=\"elementor-widget-container\">\n\t\t\t\t\t\t\t\t\t<div class=\"elementor-button-wrapper\">\n\t\t\t\t\t<a class=\"elementor-button elementor-button-link elementor-size-sm\" href=\"https:\/\/toulonprovenceregatta.sumupstore.com\/\">\n\t\t\t\t\t\t<span class=\"elementor-button-content-wrapper\">\n\t\t\t\t\t\t\t\t\t<span class=\"elementor-button-text\">Payment<\/span>\n\t\t\t\t\t<\/span>\n\t\t\t\t\t<\/a>\n\t\t\t\t<\/div>\n\t\t\t\t\t\t\t\t<\/div>\n\t\t\t\t<\/div>\n\t\t\t\t\t<\/div>\n\t\t\t\t<\/div>\n\t\t\t\t<\/div>","protected":false},"excerpt":{"rendered":"<p>PARTICIPANTS' AREA EDITION 2026 Days Hours Minutes Seconds The NVI registration platform is currently being finalised. To guarantee your place now, you can already make your payment via the link below. Payment<\/p>","protected":false},"author":16,"featured_media":3276,"parent":0,"menu_order":1,"comment_status":"closed","ping_status":"closed","template":"","meta":{"_acf_changed":false,"footnotes":""},"class_list":["post-8637","page","type-page","status-publish","has-post-thumbnail","hentry"],"acf":[],"yoast_head":"<!-- This site is optimized with the Yoast SEO plugin v27.4 - https:\/\/yoast.com\/product\/yoast-seo-wordpress\/ -->\n<title>NVI en cours de maintenance - Toulon Provence Regatta<\/title>\n<meta name=\"description\" content=\"Acc\u00e9dez \u00e0 toutes les instructions pour participer \u00e0 Toulon Provence Regatta\" \/>\n<meta name=\"robots\" content=\"index, follow, max-snippet:-1, max-image-preview:large, max-video-preview:-1\" \/>\n<link rel=\"canonical\" href=\"https:\/\/toulonprovenceregatta.fr\/en\/tpr2026-nvi-maintenance\/\" \/>\n<meta property=\"og:locale\" content=\"en_GB\" \/>\n<meta property=\"og:type\" content=\"article\" \/>\n<meta property=\"og:title\" content=\"NVI en cours de maintenance - Toulon Provence Regatta\" \/>\n<meta property=\"og:description\" content=\"Acc\u00e9dez \u00e0 toutes les instructions pour participer \u00e0 Toulon Provence Regatta\" \/>\n<meta property=\"og:url\" content=\"https:\/\/toulonprovenceregatta.fr\/en\/tpr2026-nvi-maintenance\/\" \/>\n<meta property=\"og:site_name\" content=\"Toulon Provence Regatta\" \/>\n<meta property=\"article:publisher\" content=\"https:\/\/www.facebook.com\/toulonprovenceregatta\" \/>\n<meta property=\"article:modified_time\" content=\"2026-01-04T11:39:24+00:00\" \/>\n<meta property=\"og:image\" content=\"https:\/\/toulonprovenceregatta.fr\/wp-content\/uploads\/2025\/01\/Vendredi-10-mai-Toulon-Provence-Regatta-Sarah-VARLET-25-scaled.jpg\" \/>\n\t<meta property=\"og:image:width\" content=\"1920\" \/>\n\t<meta property=\"og:image:height\" content=\"1280\" \/>\n\t<meta property=\"og:image:type\" content=\"image\/jpeg\" \/>\n<meta name=\"twitter:card\" content=\"summary_large_image\" \/>\n<meta name=\"twitter:label1\" content=\"Estimated reading time\" \/>\n\t<meta name=\"twitter:data1\" content=\"1 minute\" \/>\n<script type=\"application\/ld+json\" class=\"yoast-schema-graph\">{\"@context\":\"https:\\\/\\\/schema.org\",\"@graph\":[{\"@type\":\"WebPage\",\"@id\":\"https:\\\/\\\/toulonprovenceregatta.fr\\\/tpr2026-nvi-maintenance\\\/\",\"url\":\"https:\\\/\\\/toulonprovenceregatta.fr\\\/tpr2026-nvi-maintenance\\\/\",\"name\":\"NVI en cours de maintenance - Toulon Provence Regatta\",\"isPartOf\":{\"@id\":\"https:\\\/\\\/toulonprovenceregatta.fr\\\/#website\"},\"primaryImageOfPage\":{\"@id\":\"https:\\\/\\\/toulonprovenceregatta.fr\\\/tpr2026-nvi-maintenance\\\/#primaryimage\"},\"image\":{\"@id\":\"https:\\\/\\\/toulonprovenceregatta.fr\\\/tpr2026-nvi-maintenance\\\/#primaryimage\"},\"thumbnailUrl\":\"https:\\\/\\\/toulonprovenceregatta.fr\\\/wp-content\\\/uploads\\\/2025\\\/01\\\/Vendredi-10-mai-Toulon-Provence-Regatta-Sarah-VARLET-25-scaled.jpg\",\"datePublished\":\"2026-01-04T11:34:48+00:00\",\"dateModified\":\"2026-01-04T11:39:24+00:00\",\"description\":\"Acc\u00e9dez \u00e0 toutes les instructions pour participer \u00e0 Toulon Provence Regatta\",\"breadcrumb\":{\"@id\":\"https:\\\/\\\/toulonprovenceregatta.fr\\\/tpr2026-nvi-maintenance\\\/#breadcrumb\"},\"inLanguage\":\"en-GB\",\"potentialAction\":[{\"@type\":\"ReadAction\",\"target\":[\"https:\\\/\\\/toulonprovenceregatta.fr\\\/tpr2026-nvi-maintenance\\\/\"]}]},{\"@type\":\"ImageObject\",\"inLanguage\":\"en-GB\",\"@id\":\"https:\\\/\\\/toulonprovenceregatta.fr\\\/tpr2026-nvi-maintenance\\\/#primaryimage\",\"url\":\"https:\\\/\\\/toulonprovenceregatta.fr\\\/wp-content\\\/uploads\\\/2025\\\/01\\\/Vendredi-10-mai-Toulon-Provence-Regatta-Sarah-VARLET-25-scaled.jpg\",\"contentUrl\":\"https:\\\/\\\/toulonprovenceregatta.fr\\\/wp-content\\\/uploads\\\/2025\\\/01\\\/Vendredi-10-mai-Toulon-Provence-Regatta-Sarah-VARLET-25-scaled.jpg\",\"width\":1920,\"height\":1280,\"caption\":\"\u00c9quipage \u00e0 bord d'un voilier \u00e0 la Toulon Provence Regatta\"},{\"@type\":\"BreadcrumbList\",\"@id\":\"https:\\\/\\\/toulonprovenceregatta.fr\\\/tpr2026-nvi-maintenance\\\/#breadcrumb\",\"itemListElement\":[{\"@type\":\"ListItem\",\"position\":1,\"name\":\"Accueil\",\"item\":\"https:\\\/\\\/toulonprovenceregatta.fr\\\/\"},{\"@type\":\"ListItem\",\"position\":2,\"name\":\"NVI en cours de maintenance\"}]},{\"@type\":\"WebSite\",\"@id\":\"https:\\\/\\\/toulonprovenceregatta.fr\\\/#website\",\"url\":\"https:\\\/\\\/toulonprovenceregatta.fr\\\/\",\"name\":\"Toulon Provence Regatta\",\"description\":\"\",\"publisher\":{\"@id\":\"https:\\\/\\\/toulonprovenceregatta.fr\\\/#organization\"},\"alternateName\":\"TPR\",\"potentialAction\":[{\"@type\":\"SearchAction\",\"target\":{\"@type\":\"EntryPoint\",\"urlTemplate\":\"https:\\\/\\\/toulonprovenceregatta.fr\\\/?s={search_term_string}\"},\"query-input\":{\"@type\":\"PropertyValueSpecification\",\"valueRequired\":true,\"valueName\":\"search_term_string\"}}],\"inLanguage\":\"en-GB\"},{\"@type\":\"Organization\",\"@id\":\"https:\\\/\\\/toulonprovenceregatta.fr\\\/#organization\",\"name\":\"Toulon Provence Regatta\",\"url\":\"https:\\\/\\\/toulonprovenceregatta.fr\\\/\",\"logo\":{\"@type\":\"ImageObject\",\"inLanguage\":\"en-GB\",\"@id\":\"https:\\\/\\\/toulonprovenceregatta.fr\\\/#\\\/schema\\\/logo\\\/image\\\/\",\"url\":\"https:\\\/\\\/toulonprovenceregatta.fr\\\/wp-content\\\/uploads\\\/2026\\\/04\\\/TPR-Logo-Bleu-Fond-Transparent.png\",\"contentUrl\":\"https:\\\/\\\/toulonprovenceregatta.fr\\\/wp-content\\\/uploads\\\/2026\\\/04\\\/TPR-Logo-Bleu-Fond-Transparent.png\",\"width\":3662,\"height\":3325,\"caption\":\"Toulon Provence Regatta\"},\"image\":{\"@id\":\"https:\\\/\\\/toulonprovenceregatta.fr\\\/#\\\/schema\\\/logo\\\/image\\\/\"},\"sameAs\":[\"https:\\\/\\\/www.facebook.com\\\/toulonprovenceregatta\",\"https:\\\/\\\/www.instagram.com\\\/toulonprovenceregatta\\\/\",\"https:\\\/\\\/www.linkedin.com\\\/company\\\/toulonprovenceregatta\",\"https:\\\/\\\/www.youtube.com\\\/@ToulonProvenceRegatta\"]}]}<\/script>\n<!-- \/ Yoast SEO plugin. -->","yoast_head_json":{"title":"NVI en cours de maintenance - Toulon Provence Regatta","description":"Acc\u00e9dez \u00e0 toutes les instructions pour participer \u00e0 Toulon Provence Regatta","robots":{"index":"index","follow":"follow","max-snippet":"max-snippet:-1","max-image-preview":"max-image-preview:large","max-video-preview":"max-video-preview:-1"},"canonical":"https:\/\/toulonprovenceregatta.fr\/en\/tpr2026-nvi-maintenance\/","og_locale":"en_GB","og_type":"article","og_title":"NVI en cours de maintenance - Toulon Provence Regatta","og_description":"Acc\u00e9dez \u00e0 toutes les instructions pour participer \u00e0 Toulon Provence Regatta","og_url":"https:\/\/toulonprovenceregatta.fr\/en\/tpr2026-nvi-maintenance\/","og_site_name":"Toulon Provence Regatta","article_publisher":"https:\/\/www.facebook.com\/toulonprovenceregatta","article_modified_time":"2026-01-04T11:39:24+00:00","og_image":[{"width":1920,"height":1280,"url":"https:\/\/toulonprovenceregatta.fr\/wp-content\/uploads\/2025\/01\/Vendredi-10-mai-Toulon-Provence-Regatta-Sarah-VARLET-25-scaled.jpg","type":"image\/jpeg"}],"twitter_card":"summary_large_image","twitter_misc":{"Estimated reading time":"1 minute"},"schema":{"@context":"https:\/\/schema.org","@graph":[{"@type":"WebPage","@id":"https:\/\/toulonprovenceregatta.fr\/tpr2026-nvi-maintenance\/","url":"https:\/\/toulonprovenceregatta.fr\/tpr2026-nvi-maintenance\/","name":"NVI en cours de maintenance - Toulon Provence Regatta","isPartOf":{"@id":"https:\/\/toulonprovenceregatta.fr\/#website"},"primaryImageOfPage":{"@id":"https:\/\/toulonprovenceregatta.fr\/tpr2026-nvi-maintenance\/#primaryimage"},"image":{"@id":"https:\/\/toulonprovenceregatta.fr\/tpr2026-nvi-maintenance\/#primaryimage"},"thumbnailUrl":"https:\/\/toulonprovenceregatta.fr\/wp-content\/uploads\/2025\/01\/Vendredi-10-mai-Toulon-Provence-Regatta-Sarah-VARLET-25-scaled.jpg","datePublished":"2026-01-04T11:34:48+00:00","dateModified":"2026-01-04T11:39:24+00:00","description":"Acc\u00e9dez \u00e0 toutes les instructions pour participer \u00e0 Toulon Provence Regatta","breadcrumb":{"@id":"https:\/\/toulonprovenceregatta.fr\/tpr2026-nvi-maintenance\/#breadcrumb"},"inLanguage":"en-GB","potentialAction":[{"@type":"ReadAction","target":["https:\/\/toulonprovenceregatta.fr\/tpr2026-nvi-maintenance\/"]}]},{"@type":"ImageObject","inLanguage":"en-GB","@id":"https:\/\/toulonprovenceregatta.fr\/tpr2026-nvi-maintenance\/#primaryimage","url":"https:\/\/toulonprovenceregatta.fr\/wp-content\/uploads\/2025\/01\/Vendredi-10-mai-Toulon-Provence-Regatta-Sarah-VARLET-25-scaled.jpg","contentUrl":"https:\/\/toulonprovenceregatta.fr\/wp-content\/uploads\/2025\/01\/Vendredi-10-mai-Toulon-Provence-Regatta-Sarah-VARLET-25-scaled.jpg","width":1920,"height":1280,"caption":"\u00c9quipage \u00e0 bord d'un voilier \u00e0 la Toulon Provence Regatta"},{"@type":"BreadcrumbList","@id":"https:\/\/toulonprovenceregatta.fr\/tpr2026-nvi-maintenance\/#breadcrumb","itemListElement":[{"@type":"ListItem","position":1,"name":"Accueil","item":"https:\/\/toulonprovenceregatta.fr\/"},{"@type":"ListItem","position":2,"name":"NVI en cours de maintenance"}]},{"@type":"WebSite","@id":"https:\/\/toulonprovenceregatta.fr\/#website","url":"https:\/\/toulonprovenceregatta.fr\/","name":"Toulon Provence Regatta","description":"","publisher":{"@id":"https:\/\/toulonprovenceregatta.fr\/#organization"},"alternateName":"TPR","potentialAction":[{"@type":"SearchAction","target":{"@type":"EntryPoint","urlTemplate":"https:\/\/toulonprovenceregatta.fr\/?s={search_term_string}"},"query-input":{"@type":"PropertyValueSpecification","valueRequired":true,"valueName":"search_term_string"}}],"inLanguage":"en-GB"},{"@type":"Organization","@id":"https:\/\/toulonprovenceregatta.fr\/#organization","name":"Toulon Provence Regatta","url":"https:\/\/toulonprovenceregatta.fr\/","logo":{"@type":"ImageObject","inLanguage":"en-GB","@id":"https:\/\/toulonprovenceregatta.fr\/#\/schema\/logo\/image\/","url":"https:\/\/toulonprovenceregatta.fr\/wp-content\/uploads\/2026\/04\/TPR-Logo-Bleu-Fond-Transparent.png","contentUrl":"https:\/\/toulonprovenceregatta.fr\/wp-content\/uploads\/2026\/04\/TPR-Logo-Bleu-Fond-Transparent.png","width":3662,"height":3325,"caption":"Toulon Provence Regatta"},"image":{"@id":"https:\/\/toulonprovenceregatta.fr\/#\/schema\/logo\/image\/"},"sameAs":["https:\/\/www.facebook.com\/toulonprovenceregatta","https:\/\/www.instagram.com\/toulonprovenceregatta\/","https:\/\/www.linkedin.com\/company\/toulonprovenceregatta","https:\/\/www.youtube.com\/@ToulonProvenceRegatta"]}]}},"_links":{"self":[{"href":"https:\/\/toulonprovenceregatta.fr\/en\/wp-json\/wp\/v2\/pages\/8637","targetHints":{"allow":["GET"]}}],"collection":[{"href":"https:\/\/toulonprovenceregatta.fr\/en\/wp-json\/wp\/v2\/pages"}],"about":[{"href":"https:\/\/toulonprovenceregatta.fr\/en\/wp-json\/wp\/v2\/types\/page"}],"author":[{"embeddable":true,"href":"https:\/\/toulonprovenceregatta.fr\/en\/wp-json\/wp\/v2\/users\/16"}],"replies":[{"embeddable":true,"href":"https:\/\/toulonprovenceregatta.fr\/en\/wp-json\/wp\/v2\/comments?post=8637"}],"version-history":[{"count":4,"href":"https:\/\/toulonprovenceregatta.fr\/en\/wp-json\/wp\/v2\/pages\/8637\/revisions"}],"predecessor-version":[{"id":8641,"href":"https:\/\/toulonprovenceregatta.fr\/en\/wp-json\/wp\/v2\/pages\/8637\/revisions\/8641"}],"wp:featuredmedia":[{"embeddable":true,"href":"https:\/\/toulonprovenceregatta.fr\/en\/wp-json\/wp\/v2\/media\/3276"}],"wp:attachment":[{"href":"https:\/\/toulonprovenceregatta.fr\/en\/wp-json\/wp\/v2\/media?parent=8637"}],"curies":[{"name":"wp","href":"https:\/\/api.w.org\/{rel}","templated":true}]}}