{"id":7312,"date":"2025-05-16T10:17:53","date_gmt":"2025-05-16T08:17:53","guid":{"rendered":"https:\/\/toulonprovenceregatta.fr\/?page_id=7312"},"modified":"2025-05-16T10:40:52","modified_gmt":"2025-05-16T08:40:52","slug":"le-replay-des-regates-2024","status":"publish","type":"page","link":"https:\/\/toulonprovenceregatta.fr\/en\/le-replay-des-regates-2024\/","title":{"rendered":"Regatta replay - 2024"},"content":{"rendered":"<div data-elementor-type=\"wp-page\" data-elementor-id=\"7312\" class=\"elementor elementor-7312\" data-elementor-post-type=\"page\">\n\t\t\t\t<div class=\"elementor-element elementor-element-5071d19b e-flex e-con-boxed wpr-particle-no wpr-jarallax-no wpr-parallax-no wpr-sticky-section-no wpr-equal-height-no e-con e-parent\" data-id=\"5071d19b\" data-element_type=\"container\" data-e-type=\"container\" data-settings=\"{&quot;background_background&quot;:&quot;classic&quot;}\">\n\t\t\t\t\t<div class=\"e-con-inner\">\n\t\t\t\t\t<\/div>\n\t\t\t\t<\/div>\n\t\t<div class=\"elementor-element elementor-element-12b8c421 e-flex e-con-boxed wpr-particle-no wpr-jarallax-no wpr-parallax-no wpr-sticky-section-no wpr-equal-height-no e-con e-parent\" data-id=\"12b8c421\" data-element_type=\"container\" data-e-type=\"container\" data-settings=\"{&quot;background_background&quot;:&quot;gradient&quot;}\">\n\t\t\t\t\t<div class=\"e-con-inner\">\n\t\t<div class=\"elementor-element elementor-element-54645bad e-con-full e-flex wpr-particle-no wpr-jarallax-no wpr-parallax-no wpr-sticky-section-no wpr-equal-height-no e-con e-child\" data-id=\"54645bad\" data-element_type=\"container\" data-e-type=\"container\">\n\t\t\t\t<div class=\"elementor-element elementor-element-2e453ff8 elementor-widget elementor-widget-heading\" data-id=\"2e453ff8\" data-element_type=\"widget\" data-e-type=\"widget\" data-widget_type=\"heading.default\">\n\t\t\t\t<div class=\"elementor-widget-container\">\n\t\t\t\t\t<h2 class=\"elementor-heading-title elementor-size-default\">2024 REGATTA REPLAY<\/h2>\t\t\t\t<\/div>\n\t\t\t\t<\/div>\n\t\t\t\t<\/div>\n\t\t<div class=\"elementor-element elementor-element-388954cd e-con-full e-flex wpr-particle-no wpr-jarallax-no wpr-parallax-no wpr-sticky-section-no wpr-equal-height-no e-con e-child\" data-id=\"388954cd\" data-element_type=\"container\" data-e-type=\"container\">\n\t\t\t\t<div class=\"elementor-element elementor-element-15ea644e elementor-widget elementor-widget-heading\" data-id=\"15ea644e\" data-element_type=\"widget\" data-e-type=\"widget\" data-widget_type=\"heading.default\">\n\t\t\t\t<div class=\"elementor-widget-container\">\n\t\t\t\t\t<h2 class=\"elementor-heading-title elementor-size-default\">EDITION 2025<\/h2>\t\t\t\t<\/div>\n\t\t\t\t<\/div>\n\t\t\t\t<div class=\"elementor-element elementor-element-1fd114f2 elementor-countdown--label-block elementor-widget elementor-widget-countdown\" data-id=\"1fd114f2\" data-element_type=\"widget\" data-e-type=\"widget\" data-widget_type=\"countdown.default\">\n\t\t\t\t<div class=\"elementor-widget-container\">\n\t\t\t\t\t\t\t<div class=\"elementor-countdown-wrapper\" data-date=\"1747893600\">\n\t\t\t<div class=\"elementor-countdown-item\"><span class=\"elementor-countdown-digits elementor-countdown-days\"><\/span> <span class=\"elementor-countdown-label\">Days<\/span><\/div><div class=\"elementor-countdown-item\"><span class=\"elementor-countdown-digits elementor-countdown-hours\"><\/span> <span class=\"elementor-countdown-label\">Hours<\/span><\/div><div class=\"elementor-countdown-item\"><span class=\"elementor-countdown-digits elementor-countdown-minutes\"><\/span> <span class=\"elementor-countdown-label\">Minutes<\/span><\/div><div class=\"elementor-countdown-item\"><span class=\"elementor-countdown-digits elementor-countdown-seconds\"><\/span> <span class=\"elementor-countdown-label\">Seconds<\/span><\/div>\t\t<\/div>\n\t\t\t\t\t\t<\/div>\n\t\t\t\t<\/div>\n\t\t\t\t<\/div>\n\t\t\t\t\t<\/div>\n\t\t\t\t<\/div>\n\t\t<div class=\"elementor-element elementor-element-8b44a18 e-flex e-con-boxed wpr-particle-no wpr-jarallax-no wpr-parallax-no wpr-sticky-section-no wpr-equal-height-no e-con e-parent\" data-id=\"8b44a18\" data-element_type=\"container\" data-e-type=\"container\">\n\t\t\t\t\t<div class=\"e-con-inner\">\n\t\t\t\t<div class=\"elementor-element elementor-element-31167cf elementor-widget elementor-widget-spacer\" data-id=\"31167cf\" data-element_type=\"widget\" data-e-type=\"widget\" data-widget_type=\"spacer.default\">\n\t\t\t\t<div class=\"elementor-widget-container\">\n\t\t\t\t\t\t\t<div class=\"elementor-spacer\">\n\t\t\t<div class=\"elementor-spacer-inner\"><\/div>\n\t\t<\/div>\n\t\t\t\t\t\t<\/div>\n\t\t\t\t<\/div>\n\t\t\t\t<div class=\"elementor-element elementor-element-b224543 elementor-widget elementor-widget-heading\" data-id=\"b224543\" data-element_type=\"widget\" data-e-type=\"widget\" data-widget_type=\"heading.default\">\n\t\t\t\t<div class=\"elementor-widget-container\">\n\t\t\t\t\t<h2 class=\"elementor-heading-title elementor-size-default\">Watch the replay of the Toulon Provence Regatta 2024 below:<\/h2>\t\t\t\t<\/div>\n\t\t\t\t<\/div>\n\t\t\t\t<div class=\"elementor-element elementor-element-4d42c71 elementor-widget elementor-widget-text-editor\" data-id=\"4d42c71\" data-element_type=\"widget\" data-e-type=\"widget\" data-widget_type=\"text-editor.default\">\n\t\t\t\t<div class=\"elementor-widget-container\">\n\t\t\t\t\t\t\t\t\t<p>On this page you can watch the replay of the regattas from previous editions thanks to the<b>The M\u00e9taSail application<\/b> !\u00a0<\/p>\t\t\t\t\t\t\t\t<\/div>\n\t\t\t\t<\/div>\n\t\t\t\t<div class=\"elementor-element elementor-element-3df3aa3 elementor-widget elementor-widget-html\" data-id=\"3df3aa3\" data-element_type=\"widget\" data-e-type=\"widget\" data-widget_type=\"html.default\">\n\t\t\t\t<div class=\"elementor-widget-container\">\n\t\t\t\t\t<iframe src=\"https:\/\/www.metasail.fr\/incoming\/542\/\" scrolling=\"no\" frameborder=\"0\" style=\"border:none; overflow:hidden;\" width=\"100%\" height=\"1236px\" allowtransparency=\"true\" allowfullscreen=\"true\"><\/iframe>\t\t\t\t<\/div>\n\t\t\t\t<\/div>\n\t\t\t\t\t<\/div>\n\t\t\t\t<\/div>\n\t\t<div class=\"elementor-element elementor-element-f229db2 e-flex e-con-boxed wpr-particle-no wpr-jarallax-no wpr-parallax-no wpr-sticky-section-no wpr-equal-height-no e-con e-parent\" data-id=\"f229db2\" data-element_type=\"container\" data-e-type=\"container\">\n\t\t\t\t\t<div class=\"e-con-inner\">\n\t\t\t\t<div class=\"elementor-element elementor-element-b1deccc elementor-align-center elementor-widget elementor-widget-button\" data-id=\"b1deccc\" data-element_type=\"widget\" data-e-type=\"widget\" data-widget_type=\"button.default\">\n\t\t\t\t<div class=\"elementor-widget-container\">\n\t\t\t\t\t\t\t\t\t<div class=\"elementor-button-wrapper\">\n\t\t\t\t\t<a class=\"elementor-button elementor-button-link elementor-size-sm\" href=\"https:\/\/toulonprovenceregatta.fr\/en\/2708975-le-replay-des-regates\/\">\n\t\t\t\t\t\t<span class=\"elementor-button-content-wrapper\">\n\t\t\t\t\t\t\t\t\t<span class=\"elementor-button-text\">Back to 2025 regatta monitoring<\/span>\n\t\t\t\t\t<\/span>\n\t\t\t\t\t<\/a>\n\t\t\t\t<\/div>\n\t\t\t\t\t\t\t\t<\/div>\n\t\t\t\t<\/div>\n\t\t\t\t\t<\/div>\n\t\t\t\t<\/div>\n\t\t<div class=\"elementor-element elementor-element-fa83f51 e-flex e-con-boxed wpr-particle-no wpr-jarallax-no wpr-parallax-no wpr-sticky-section-no wpr-equal-height-no e-con e-parent\" data-id=\"fa83f51\" data-element_type=\"container\" data-e-type=\"container\">\n\t\t\t\t\t<div class=\"e-con-inner\">\n\t\t\t\t<div class=\"elementor-element elementor-element-05f7dde elementor-widget elementor-widget-heading\" data-id=\"05f7dde\" data-element_type=\"widget\" data-e-type=\"widget\" data-widget_type=\"heading.default\">\n\t\t\t\t<div class=\"elementor-widget-container\">\n\t\t\t\t\t<h2 class=\"elementor-heading-title elementor-size-default\">OUR PARTNERS<\/h2>\t\t\t\t<\/div>\n\t\t\t\t<\/div>\n\t\t\t\t<div class=\"elementor-element elementor-element-d670c25 elementor-arrows-position-outside elementor-widget__width-inherit elementor-pagination-position-outside elementor-widget elementor-widget-image-carousel\" data-id=\"d670c25\" data-element_type=\"widget\" data-e-type=\"widget\" data-settings=\"{&quot;image_spacing_custom&quot;:{&quot;unit&quot;:&quot;px&quot;,&quot;size&quot;:100,&quot;sizes&quot;:[]},&quot;slides_to_show&quot;:&quot;6&quot;,&quot;navigation&quot;:&quot;both&quot;,&quot;autoplay&quot;:&quot;yes&quot;,&quot;pause_on_hover&quot;:&quot;yes&quot;,&quot;pause_on_interaction&quot;:&quot;yes&quot;,&quot;autoplay_speed&quot;:5000,&quot;speed&quot;:500,&quot;image_spacing_custom_tablet&quot;:{&quot;unit&quot;:&quot;px&quot;,&quot;size&quot;:&quot;&quot;,&quot;sizes&quot;:[]},&quot;image_spacing_custom_mobile&quot;:{&quot;unit&quot;:&quot;px&quot;,&quot;size&quot;:&quot;&quot;,&quot;sizes&quot;:[]}}\" data-widget_type=\"image-carousel.default\">\n\t\t\t\t<div class=\"elementor-widget-container\">\n\t\t\t\t\t\t\t<div class=\"elementor-image-carousel-wrapper swiper\" role=\"region\" aria-roledescription=\"carousel\" aria-label=\"Image carousel\" dir=\"ltr\">\n\t\t\t<div class=\"elementor-image-carousel swiper-wrapper\" aria-live=\"off\">\n\t\t\t\t\t\t\t\t<div class=\"swiper-slide\" role=\"group\" aria-roledescription=\"slide\" aria-label=\"1 of 8\"><figure class=\"swiper-slide-inner\"><img decoding=\"async\" class=\"swiper-slide-image\" src=\"https:\/\/toulonprovenceregatta.fr\/wp-content\/uploads\/2025\/02\/logo-TOULON-2.png\" alt=\"Logo de la ville de Toulon\" \/><\/figure><\/div><div class=\"swiper-slide\" role=\"group\" aria-roledescription=\"slide\" aria-label=\"2 of 8\"><figure class=\"swiper-slide-inner\"><img decoding=\"async\" class=\"swiper-slide-image\" src=\"https:\/\/toulonprovenceregatta.fr\/wp-content\/uploads\/2025\/02\/logo-TPM-fond-blanc.png\" alt=\"Logo de la M\u00e9tropole Toulon Provence M\u00e9diterrann\u00e9e\" \/><\/figure><\/div><div class=\"swiper-slide\" role=\"group\" aria-roledescription=\"slide\" aria-label=\"3 of 8\"><figure class=\"swiper-slide-inner\"><img decoding=\"async\" class=\"swiper-slide-image\" src=\"https:\/\/toulonprovenceregatta.fr\/wp-content\/uploads\/2025\/02\/logo-Region-sud-2.jpeg\" alt=\"Logo de la r\u00e9gion Provence-Alpes-C\u00f4tes d&#039;Azur\" \/><\/figure><\/div><div class=\"swiper-slide\" role=\"group\" aria-roledescription=\"slide\" aria-label=\"4 of 8\"><figure class=\"swiper-slide-inner\"><img decoding=\"async\" class=\"swiper-slide-image\" src=\"https:\/\/toulonprovenceregatta.fr\/wp-content\/uploads\/2025\/01\/MARIBAY-Logotype-Bleu.png\" alt=\"MARIBAY-Logotype-Bleu\" \/><\/figure><\/div><div class=\"swiper-slide\" role=\"group\" aria-roledescription=\"slide\" aria-label=\"5 of 8\"><figure class=\"swiper-slide-inner\"><img decoding=\"async\" class=\"swiper-slide-image\" src=\"https:\/\/toulonprovenceregatta.fr\/wp-content\/uploads\/2025\/04\/Logo-Chateau-Pas-du-Cerf-gris.png\" alt=\"Logo Chateau Pas du Cerf-gris\" \/><\/figure><\/div><div class=\"swiper-slide\" role=\"group\" aria-roledescription=\"slide\" aria-label=\"6 of 8\"><figure class=\"swiper-slide-inner\"><img decoding=\"async\" class=\"swiper-slide-image\" src=\"https:\/\/toulonprovenceregatta.fr\/wp-content\/uploads\/2025\/02\/logo_Veolia_HD.png\" alt=\"Logo du Veolia\" \/><\/figure><\/div><div class=\"swiper-slide\" role=\"group\" aria-roledescription=\"slide\" aria-label=\"7 of 8\"><figure class=\"swiper-slide-inner\"><img decoding=\"async\" class=\"swiper-slide-image\" src=\"https:\/\/toulonprovenceregatta.fr\/wp-content\/uploads\/2025\/02\/LOGO-1-ROND-BLEU.png\" alt=\"Logo de Mistral FM\" \/><\/figure><\/div><div class=\"swiper-slide\" role=\"group\" aria-roledescription=\"slide\" aria-label=\"8 of 8\"><figure class=\"swiper-slide-inner\"><img decoding=\"async\" class=\"swiper-slide-image\" src=\"https:\/\/toulonprovenceregatta.fr\/wp-content\/uploads\/2025\/03\/l01t00-RVB-logo-MAIF-200X200.jpg\" alt=\"Logo de la MAIF\" \/><\/figure><\/div>\t\t\t<\/div>\n\t\t\t\t\t\t\t\t\t\t\t\t<div class=\"elementor-swiper-button elementor-swiper-button-prev\" role=\"button\" tabindex=\"0\">\n\t\t\t\t\t\t<svg aria-hidden=\"true\" class=\"e-font-icon-svg e-eicon-chevron-left\" viewbox=\"0 0 1000 1000\" xmlns=\"http:\/\/www.w3.org\/2000\/svg\"><path d=\"M646 125C629 125 613 133 604 142L308 442C296 454 292 471 292 487 292 504 296 521 308 533L604 854C617 867 629 875 646 875 663 875 679 871 692 858 704 846 713 829 713 812 713 796 708 779 692 767L438 487 692 225C700 217 708 204 708 187 708 171 704 154 692 142 675 129 663 125 646 125Z\"><\/path><\/svg>\t\t\t\t\t<\/div>\n\t\t\t\t\t<div class=\"elementor-swiper-button elementor-swiper-button-next\" role=\"button\" tabindex=\"0\">\n\t\t\t\t\t\t<svg aria-hidden=\"true\" class=\"e-font-icon-svg e-eicon-chevron-right\" viewbox=\"0 0 1000 1000\" xmlns=\"http:\/\/www.w3.org\/2000\/svg\"><path d=\"M696 533C708 521 713 504 713 487 713 471 708 454 696 446L400 146C388 133 375 125 354 125 338 125 325 129 313 142 300 154 292 171 292 187 292 204 296 221 308 233L563 492 304 771C292 783 288 800 288 817 288 833 296 850 308 863 321 871 338 875 354 875 371 875 388 867 400 854L696 533Z\"><\/path><\/svg>\t\t\t\t\t<\/div>\n\t\t\t\t\n\t\t\t\t\t\t\t\t\t<div class=\"swiper-pagination\"><\/div>\n\t\t\t\t\t\t\t\t\t<\/div>\n\t\t\t\t\t\t<\/div>\n\t\t\t\t<\/div>\n\t\t\t\t\t<\/div>\n\t\t\t\t<\/div>\n\t\t\t\t<\/div>","protected":false},"excerpt":{"rendered":"<p>REPLAY OF THE 2024 REGATS 2025 EDITION Days Hours Minutes Seconds Find below the replay of the regattas of the Toulon Provence Regatta 2024 : You can find on this page the replay of the regattas of the previous editions thanks to the MetaSail application !  Back to the 2025 regatta replay OUR PARTNERS<\/p>","protected":false},"author":14,"featured_media":3673,"parent":0,"menu_order":1,"comment_status":"closed","ping_status":"closed","template":"","meta":{"_acf_changed":false,"footnotes":""},"class_list":["post-7312","page","type-page","status-publish","has-post-thumbnail","hentry"],"acf":[],"yoast_head":"<!-- This site is optimized with the Yoast SEO plugin v27.3 - https:\/\/yoast.com\/product\/yoast-seo-wordpress\/ -->\n<title>Le replay des r\u00e9gates - 2024 - Toulon Provence Regatta<\/title>\n<meta name=\"description\" content=\"Revivez les temps forts de Toulon Provence Regatta avec les replays des r\u00e9gates. Visionnez les meilleures courses et moments inoubliables en vid\u00e9o !\" \/>\n<meta name=\"robots\" content=\"index, follow, max-snippet:-1, max-image-preview:large, max-video-preview:-1\" \/>\n<link rel=\"canonical\" href=\"https:\/\/toulonprovenceregatta.fr\/en\/le-replay-des-regates-2024\/\" \/>\n<meta property=\"og:locale\" content=\"en_GB\" \/>\n<meta property=\"og:type\" content=\"article\" \/>\n<meta property=\"og:title\" content=\"Le replay des r\u00e9gates - 2024 - Toulon Provence Regatta\" \/>\n<meta property=\"og:description\" content=\"Revivez les temps forts de Toulon Provence Regatta avec les replays des r\u00e9gates. Visionnez les meilleures courses et moments inoubliables en vid\u00e9o !\" \/>\n<meta property=\"og:url\" content=\"https:\/\/toulonprovenceregatta.fr\/en\/le-replay-des-regates-2024\/\" \/>\n<meta property=\"og:site_name\" content=\"Toulon Provence Regatta\" \/>\n<meta property=\"article:modified_time\" content=\"2025-05-16T08:40:52+00:00\" \/>\n<meta property=\"og:image\" content=\"https:\/\/toulonprovenceregatta.fr\/wp-content\/uploads\/2025\/01\/Samedi-11-mai-Sarah-VARLET-111.jpg\" \/>\n\t<meta property=\"og:image:width\" content=\"1920\" \/>\n\t<meta property=\"og:image:height\" content=\"1280\" \/>\n\t<meta property=\"og:image:type\" content=\"image\/jpeg\" \/>\n<meta name=\"twitter:card\" content=\"summary_large_image\" \/>\n<meta name=\"twitter:label1\" content=\"Estimated reading time\" \/>\n\t<meta name=\"twitter:data1\" content=\"2 minutes\" \/>\n<script type=\"application\/ld+json\" class=\"yoast-schema-graph\">{\"@context\":\"https:\\\/\\\/schema.org\",\"@graph\":[{\"@type\":\"WebPage\",\"@id\":\"https:\\\/\\\/toulonprovenceregatta.fr\\\/le-replay-des-regates-2024\\\/\",\"url\":\"https:\\\/\\\/toulonprovenceregatta.fr\\\/le-replay-des-regates-2024\\\/\",\"name\":\"Le replay des r\u00e9gates - 2024 - Toulon Provence Regatta\",\"isPartOf\":{\"@id\":\"https:\\\/\\\/toulonprovenceregatta.fr\\\/#website\"},\"primaryImageOfPage\":{\"@id\":\"https:\\\/\\\/toulonprovenceregatta.fr\\\/le-replay-des-regates-2024\\\/#primaryimage\"},\"image\":{\"@id\":\"https:\\\/\\\/toulonprovenceregatta.fr\\\/le-replay-des-regates-2024\\\/#primaryimage\"},\"thumbnailUrl\":\"https:\\\/\\\/toulonprovenceregatta.fr\\\/wp-content\\\/uploads\\\/2025\\\/01\\\/Samedi-11-mai-Sarah-VARLET-111.jpg\",\"datePublished\":\"2025-05-16T08:17:53+00:00\",\"dateModified\":\"2025-05-16T08:40:52+00:00\",\"description\":\"Revivez les temps forts de Toulon Provence Regatta avec les replays des r\u00e9gates. Visionnez les meilleures courses et moments inoubliables en vid\u00e9o !\",\"breadcrumb\":{\"@id\":\"https:\\\/\\\/toulonprovenceregatta.fr\\\/le-replay-des-regates-2024\\\/#breadcrumb\"},\"inLanguage\":\"en-GB\",\"potentialAction\":[{\"@type\":\"ReadAction\",\"target\":[\"https:\\\/\\\/toulonprovenceregatta.fr\\\/le-replay-des-regates-2024\\\/\"]}]},{\"@type\":\"ImageObject\",\"inLanguage\":\"en-GB\",\"@id\":\"https:\\\/\\\/toulonprovenceregatta.fr\\\/le-replay-des-regates-2024\\\/#primaryimage\",\"url\":\"https:\\\/\\\/toulonprovenceregatta.fr\\\/wp-content\\\/uploads\\\/2025\\\/01\\\/Samedi-11-mai-Sarah-VARLET-111.jpg\",\"contentUrl\":\"https:\\\/\\\/toulonprovenceregatta.fr\\\/wp-content\\\/uploads\\\/2025\\\/01\\\/Samedi-11-mai-Sarah-VARLET-111.jpg\",\"width\":1920,\"height\":1280,\"caption\":\"\u00c9quipage \u00e0 bord d'un voilier pendant la r\u00e9gate au Toulon Provence Regatta\"},{\"@type\":\"BreadcrumbList\",\"@id\":\"https:\\\/\\\/toulonprovenceregatta.fr\\\/le-replay-des-regates-2024\\\/#breadcrumb\",\"itemListElement\":[{\"@type\":\"ListItem\",\"position\":1,\"name\":\"Accueil\",\"item\":\"https:\\\/\\\/toulonprovenceregatta.fr\\\/\"},{\"@type\":\"ListItem\",\"position\":2,\"name\":\"Le replay des r\u00e9gates &#8211; 2024\"}]},{\"@type\":\"WebSite\",\"@id\":\"https:\\\/\\\/toulonprovenceregatta.fr\\\/#website\",\"url\":\"https:\\\/\\\/toulonprovenceregatta.fr\\\/\",\"name\":\"Toulon Provence Regatta\",\"description\":\"\",\"publisher\":{\"@id\":\"https:\\\/\\\/toulonprovenceregatta.fr\\\/#organization\"},\"potentialAction\":[{\"@type\":\"SearchAction\",\"target\":{\"@type\":\"EntryPoint\",\"urlTemplate\":\"https:\\\/\\\/toulonprovenceregatta.fr\\\/?s={search_term_string}\"},\"query-input\":{\"@type\":\"PropertyValueSpecification\",\"valueRequired\":true,\"valueName\":\"search_term_string\"}}],\"inLanguage\":\"en-GB\"},{\"@type\":\"Organization\",\"@id\":\"https:\\\/\\\/toulonprovenceregatta.fr\\\/#organization\",\"name\":\"Toulon Provence Regatta\",\"url\":\"https:\\\/\\\/toulonprovenceregatta.fr\\\/\",\"logo\":{\"@type\":\"ImageObject\",\"inLanguage\":\"en-GB\",\"@id\":\"https:\\\/\\\/toulonprovenceregatta.fr\\\/#\\\/schema\\\/logo\\\/image\\\/\",\"url\":\"https:\\\/\\\/toulonprovenceregatta.fr\\\/wp-content\\\/uploads\\\/2025\\\/01\\\/pas-date_logo-regatta-blanc-rouge-RVB-2lignes-1.png\",\"contentUrl\":\"https:\\\/\\\/toulonprovenceregatta.fr\\\/wp-content\\\/uploads\\\/2025\\\/01\\\/pas-date_logo-regatta-blanc-rouge-RVB-2lignes-1.png\",\"width\":3619,\"height\":2518,\"caption\":\"Toulon Provence Regatta\"},\"image\":{\"@id\":\"https:\\\/\\\/toulonprovenceregatta.fr\\\/#\\\/schema\\\/logo\\\/image\\\/\"}}]}<\/script>\n<!-- \/ Yoast SEO plugin. -->","yoast_head_json":{"title":"Le replay des r\u00e9gates - 2024 - Toulon Provence Regatta","description":"Revivez les temps forts de Toulon Provence Regatta avec les replays des r\u00e9gates. Visionnez les meilleures courses et moments inoubliables en vid\u00e9o !","robots":{"index":"index","follow":"follow","max-snippet":"max-snippet:-1","max-image-preview":"max-image-preview:large","max-video-preview":"max-video-preview:-1"},"canonical":"https:\/\/toulonprovenceregatta.fr\/en\/le-replay-des-regates-2024\/","og_locale":"en_GB","og_type":"article","og_title":"Le replay des r\u00e9gates - 2024 - Toulon Provence Regatta","og_description":"Revivez les temps forts de Toulon Provence Regatta avec les replays des r\u00e9gates. Visionnez les meilleures courses et moments inoubliables en vid\u00e9o !","og_url":"https:\/\/toulonprovenceregatta.fr\/en\/le-replay-des-regates-2024\/","og_site_name":"Toulon Provence Regatta","article_modified_time":"2025-05-16T08:40:52+00:00","og_image":[{"width":1920,"height":1280,"url":"https:\/\/toulonprovenceregatta.fr\/wp-content\/uploads\/2025\/01\/Samedi-11-mai-Sarah-VARLET-111.jpg","type":"image\/jpeg"}],"twitter_card":"summary_large_image","twitter_misc":{"Estimated reading time":"2 minutes"},"schema":{"@context":"https:\/\/schema.org","@graph":[{"@type":"WebPage","@id":"https:\/\/toulonprovenceregatta.fr\/le-replay-des-regates-2024\/","url":"https:\/\/toulonprovenceregatta.fr\/le-replay-des-regates-2024\/","name":"Le replay des r\u00e9gates - 2024 - Toulon Provence Regatta","isPartOf":{"@id":"https:\/\/toulonprovenceregatta.fr\/#website"},"primaryImageOfPage":{"@id":"https:\/\/toulonprovenceregatta.fr\/le-replay-des-regates-2024\/#primaryimage"},"image":{"@id":"https:\/\/toulonprovenceregatta.fr\/le-replay-des-regates-2024\/#primaryimage"},"thumbnailUrl":"https:\/\/toulonprovenceregatta.fr\/wp-content\/uploads\/2025\/01\/Samedi-11-mai-Sarah-VARLET-111.jpg","datePublished":"2025-05-16T08:17:53+00:00","dateModified":"2025-05-16T08:40:52+00:00","description":"Revivez les temps forts de Toulon Provence Regatta avec les replays des r\u00e9gates. Visionnez les meilleures courses et moments inoubliables en vid\u00e9o !","breadcrumb":{"@id":"https:\/\/toulonprovenceregatta.fr\/le-replay-des-regates-2024\/#breadcrumb"},"inLanguage":"en-GB","potentialAction":[{"@type":"ReadAction","target":["https:\/\/toulonprovenceregatta.fr\/le-replay-des-regates-2024\/"]}]},{"@type":"ImageObject","inLanguage":"en-GB","@id":"https:\/\/toulonprovenceregatta.fr\/le-replay-des-regates-2024\/#primaryimage","url":"https:\/\/toulonprovenceregatta.fr\/wp-content\/uploads\/2025\/01\/Samedi-11-mai-Sarah-VARLET-111.jpg","contentUrl":"https:\/\/toulonprovenceregatta.fr\/wp-content\/uploads\/2025\/01\/Samedi-11-mai-Sarah-VARLET-111.jpg","width":1920,"height":1280,"caption":"\u00c9quipage \u00e0 bord d'un voilier pendant la r\u00e9gate au Toulon Provence Regatta"},{"@type":"BreadcrumbList","@id":"https:\/\/toulonprovenceregatta.fr\/le-replay-des-regates-2024\/#breadcrumb","itemListElement":[{"@type":"ListItem","position":1,"name":"Accueil","item":"https:\/\/toulonprovenceregatta.fr\/"},{"@type":"ListItem","position":2,"name":"Le replay des r\u00e9gates &#8211; 2024"}]},{"@type":"WebSite","@id":"https:\/\/toulonprovenceregatta.fr\/#website","url":"https:\/\/toulonprovenceregatta.fr\/","name":"Toulon Provence Regatta","description":"","publisher":{"@id":"https:\/\/toulonprovenceregatta.fr\/#organization"},"potentialAction":[{"@type":"SearchAction","target":{"@type":"EntryPoint","urlTemplate":"https:\/\/toulonprovenceregatta.fr\/?s={search_term_string}"},"query-input":{"@type":"PropertyValueSpecification","valueRequired":true,"valueName":"search_term_string"}}],"inLanguage":"en-GB"},{"@type":"Organization","@id":"https:\/\/toulonprovenceregatta.fr\/#organization","name":"Toulon Provence Regatta","url":"https:\/\/toulonprovenceregatta.fr\/","logo":{"@type":"ImageObject","inLanguage":"en-GB","@id":"https:\/\/toulonprovenceregatta.fr\/#\/schema\/logo\/image\/","url":"https:\/\/toulonprovenceregatta.fr\/wp-content\/uploads\/2025\/01\/pas-date_logo-regatta-blanc-rouge-RVB-2lignes-1.png","contentUrl":"https:\/\/toulonprovenceregatta.fr\/wp-content\/uploads\/2025\/01\/pas-date_logo-regatta-blanc-rouge-RVB-2lignes-1.png","width":3619,"height":2518,"caption":"Toulon Provence Regatta"},"image":{"@id":"https:\/\/toulonprovenceregatta.fr\/#\/schema\/logo\/image\/"}}]}},"_links":{"self":[{"href":"https:\/\/toulonprovenceregatta.fr\/en\/wp-json\/wp\/v2\/pages\/7312","targetHints":{"allow":["GET"]}}],"collection":[{"href":"https:\/\/toulonprovenceregatta.fr\/en\/wp-json\/wp\/v2\/pages"}],"about":[{"href":"https:\/\/toulonprovenceregatta.fr\/en\/wp-json\/wp\/v2\/types\/page"}],"author":[{"embeddable":true,"href":"https:\/\/toulonprovenceregatta.fr\/en\/wp-json\/wp\/v2\/users\/14"}],"replies":[{"embeddable":true,"href":"https:\/\/toulonprovenceregatta.fr\/en\/wp-json\/wp\/v2\/comments?post=7312"}],"version-history":[{"count":10,"href":"https:\/\/toulonprovenceregatta.fr\/en\/wp-json\/wp\/v2\/pages\/7312\/revisions"}],"predecessor-version":[{"id":7329,"href":"https:\/\/toulonprovenceregatta.fr\/en\/wp-json\/wp\/v2\/pages\/7312\/revisions\/7329"}],"wp:featuredmedia":[{"embeddable":true,"href":"https:\/\/toulonprovenceregatta.fr\/en\/wp-json\/wp\/v2\/media\/3673"}],"wp:attachment":[{"href":"https:\/\/toulonprovenceregatta.fr\/en\/wp-json\/wp\/v2\/media?parent=7312"}],"curies":[{"name":"wp","href":"https:\/\/api.w.org\/{rel}","templated":true}]}}